{"id":2,"date":"2025-08-18T16:12:27","date_gmt":"2025-08-18T16:12:27","guid":{"rendered":"https:\/\/tandaiduong.net.vn\/?page_id=2"},"modified":"2026-04-13T15:29:07","modified_gmt":"2026-04-13T15:29:07","slug":"sample-page","status":"publish","type":"page","link":"https:\/\/tandaiduong.net.vn\/","title":{"rendered":"Website \u0111ang x\u00e2y"},"content":{"rendered":"\n<p class=\"has-text-align-center\">B\u1ea1n c\u00f3 th\u1ec3 tham kh\u1ea3o c\u00e1c b\u1ea5t \u0111\u1ed9ng s\u1ea3n v\u1edbi th\u00f4ng tin c\u1ee5 th\u1ec3 (\u0111\u1ecba \u0111i\u1ec3m, s\u1ed1 nh\u00e0, t\u00ean \u0111\u01b0\u1eddng&#8230;) theo c\u00e1c link d\u01b0\u1edbi \u0111\u00e2y:<br><a href=\"https:\/\/www.facebook.com\/profile.php?id=61576272088448\">Facebook T\u00e2n \u0110\u1ea1i D\u01b0\u01a1ng<\/a><br><a href=\"https:\/\/www.facebook.com\/groups\/1215039370176693\/\">Group b\u1ea5t \u0111\u1ed9ng s\u1ea3n T\u00e2n \u0110\u1ea1i D\u01b0\u01a1ng<\/a><\/p>\n\n\n\n<p><\/p>\n","protected":false},"excerpt":{"rendered":"<p>B\u1ea1n c\u00f3 th\u1ec3 tham kh\u1ea3o c\u00e1c b\u1ea5t \u0111\u1ed9ng s\u1ea3n v\u1edbi th\u00f4ng tin c\u1ee5 th\u1ec3 (\u0111\u1ecba \u0111i\u1ec3m, s\u1ed1 nh\u00e0, t\u00ean \u0111\u01b0\u1eddng&#8230;) theo c\u00e1c link d\u01b0\u1edbi \u0111\u00e2y:Facebook T\u00e2n \u0110\u1ea1i D\u01b0\u01a1ngGroup b\u1ea5t \u0111\u1ed9ng s\u1ea3n T\u00e2n \u0110\u1ea1i D\u01b0\u01a1ng<\/p>\n","protected":false},"author":1,"featured_media":0,"parent":0,"menu_order":0,"comment_status":"closed","ping_status":"open","template":"","meta":{"footnotes":""},"class_list":["post-2","page","type-page","status-publish","hentry"],"_links":{"self":[{"href":"https:\/\/tandaiduong.net.vn\/index.php\/wp-json\/wp\/v2\/pages\/2","targetHints":{"allow":["GET"]}}],"collection":[{"href":"https:\/\/tandaiduong.net.vn\/index.php\/wp-json\/wp\/v2\/pages"}],"about":[{"href":"https:\/\/tandaiduong.net.vn\/index.php\/wp-json\/wp\/v2\/types\/page"}],"author":[{"embeddable":true,"href":"https:\/\/tandaiduong.net.vn\/index.php\/wp-json\/wp\/v2\/users\/1"}],"replies":[{"embeddable":true,"href":"https:\/\/tandaiduong.net.vn\/index.php\/wp-json\/wp\/v2\/comments?post=2"}],"version-history":[{"count":5,"href":"https:\/\/tandaiduong.net.vn\/index.php\/wp-json\/wp\/v2\/pages\/2\/revisions"}],"predecessor-version":[{"id":14,"href":"https:\/\/tandaiduong.net.vn\/index.php\/wp-json\/wp\/v2\/pages\/2\/revisions\/14"}],"wp:attachment":[{"href":"https:\/\/tandaiduong.net.vn\/index.php\/wp-json\/wp\/v2\/media?parent=2"}],"curies":[{"name":"wp","href":"https:\/\/api.w.org\/{rel}","templated":true}]}}